{"id":903,"date":"2016-01-29T16:11:30","date_gmt":"2016-01-29T15:11:30","guid":{"rendered":"http:\/\/kfgk.no\/?page_id=903"},"modified":"2016-06-23T09:10:27","modified_gmt":"2016-06-23T07:10:27","slug":"hva-er-frisbeegolf","status":"publish","type":"page","link":"https:\/\/kfgk.no\/?page_id=903","title":{"rendered":"Hva er Frisbeegolf?"},"content":{"rendered":"<p><strong><strong>Frisbeegolf begynte p\u00e5 1970 tallet i USA og er en sport som har hatt stor vekst de siste \u00e5rene b\u00e5de nasjonalt og internasjonalt.<\/strong><\/strong><\/p>\n<p>Frisbeegolf er en sport som har mange likheter med vanlig golf, men istedenfor\u00a0ball og k\u00f8lle\u00a0brukes det Frisbeegolf disker. Man starter da spillet p\u00e5 et hull hvor man har utkast felt og en kurv. M\u00e5let er da at disken skal ligge oppi kurven eller henge i kjettingene i kurven f\u00f8r man har fullf\u00f8rt hullet,\u00a0og m\u00e5let er \u00e5 fullf\u00f8re hullet med s\u00e5 f\u00e5 kast som mulig.<\/p>\n<p><strong><strong>I likhet med Golf hvor man har mange forskjellige\u00a0k\u00f8ller til driving og putting s\u00e5 har man forskjellige frisbeegolf disker som er fordelt inn i 3 hoved kategorier<\/strong><\/strong><\/p>\n<ul>\n<li>Driver \u2013 Brukes til lange kast fra utkast<\/li>\n<\/ul>\n<ul>\n<li>Mid-Range \u2013 Brukes til kontrollerte kast p\u00e5 korte hull samt innspill mot kurven<\/li>\n<\/ul>\n<ul>\n<li>Putter \u2013 Brukes n\u00e5r man skal putte p\u00e5 kurven<\/li>\n<\/ul>\n<p>&nbsp;<\/p>\n<hr \/>\n<p>&nbsp;<\/p>\n<p><span class=\"embed-youtube\" style=\"text-align:center; display: block;\"><iframe loading=\"lazy\" class=\"youtube-player\" width=\"640\" height=\"360\" src=\"https:\/\/www.youtube.com\/embed\/rFvHgfvGhIs?version=3&#038;rel=1&#038;showsearch=0&#038;showinfo=1&#038;iv_load_policy=1&#038;fs=1&#038;hl=nb-NO&#038;autohide=2&#038;wmode=transparent\" allowfullscreen=\"true\" style=\"border:0;\" sandbox=\"allow-scripts allow-same-origin allow-popups allow-presentation allow-popups-to-escape-sandbox\"><\/iframe><\/span><\/p>\n<p><strong><br \/>\n<\/strong><\/p>\n<p><strong><br \/>\n<\/strong><\/p>\n","protected":false},"excerpt":{"rendered":"<p>Frisbeegolf begynte p\u00e5 1970 tallet i USA og er en sport som har hatt stor vekst de siste \u00e5rene b\u00e5de nasjonalt og internasjonalt. Frisbeegolf er en sport som har mange likheter med vanlig golf, men istedenfor\u00a0ball og k\u00f8lle\u00a0brukes det Frisbeegolf disker. Man starter da spillet p\u00e5 et hull hvor man har utkast felt og en [&hellip;]<\/p>\n","protected":false},"author":9,"featured_media":0,"parent":0,"menu_order":39,"comment_status":"closed","ping_status":"closed","template":"","meta":{"footnotes":""},"class_list":["post-903","page","type-page","status-publish","hentry"],"jetpack_shortlink":"https:\/\/wp.me\/P7bZHC-ez","jetpack_sharing_enabled":true,"_links":{"self":[{"href":"https:\/\/kfgk.no\/index.php?rest_route=\/wp\/v2\/pages\/903","targetHints":{"allow":["GET"]}}],"collection":[{"href":"https:\/\/kfgk.no\/index.php?rest_route=\/wp\/v2\/pages"}],"about":[{"href":"https:\/\/kfgk.no\/index.php?rest_route=\/wp\/v2\/types\/page"}],"author":[{"embeddable":true,"href":"https:\/\/kfgk.no\/index.php?rest_route=\/wp\/v2\/users\/9"}],"replies":[{"embeddable":true,"href":"https:\/\/kfgk.no\/index.php?rest_route=%2Fwp%2Fv2%2Fcomments&post=903"}],"version-history":[{"count":10,"href":"https:\/\/kfgk.no\/index.php?rest_route=\/wp\/v2\/pages\/903\/revisions"}],"predecessor-version":[{"id":1664,"href":"https:\/\/kfgk.no\/index.php?rest_route=\/wp\/v2\/pages\/903\/revisions\/1664"}],"wp:attachment":[{"href":"https:\/\/kfgk.no\/index.php?rest_route=%2Fwp%2Fv2%2Fmedia&parent=903"}],"curies":[{"name":"wp","href":"https:\/\/api.w.org\/{rel}","templated":true}]}}