{"id":72,"date":"2022-02-02T09:54:53","date_gmt":"2022-02-02T09:54:53","guid":{"rendered":"https:\/\/grandconference.themegoods.com\/v5\/design\/?page_id=72"},"modified":"2022-09-17T03:10:30","modified_gmt":"2022-09-17T01:10:30","slug":"home","status":"publish","type":"page","link":"https:\/\/kfgk.no\/","title":{"rendered":"Home"},"content":{"rendered":"<h1>\n\t\tKristiansand \t<\/h1>\n<h1>\n\t\tFrisbee\t<\/h1>\n<h2>\n\t\tGolf\t<\/h2>\n<h2>\n\t\tKlubb\t<\/h2>\n<style>\/*! elementor - v3.7.6 - 15-09-2022 *\/\n.elementor-heading-title{padding:0;margin:0;line-height:1}.elementor-widget-heading .elementor-heading-title[class*=elementor-size-]>a{color:inherit;font-size:inherit;line-height:inherit}.elementor-widget-heading .elementor-heading-title.elementor-size-small{font-size:15px}.elementor-widget-heading .elementor-heading-title.elementor-size-medium{font-size:19px}.elementor-widget-heading .elementor-heading-title.elementor-size-large{font-size:29px}.elementor-widget-heading .elementor-heading-title.elementor-size-xl{font-size:39px}.elementor-widget-heading .elementor-heading-title.elementor-size-xxl{font-size:59px}<\/style>\n<p>&#8211; En klubb for alle\t\t<\/p>\n<h2>\ud83d\udccdB\u00f8lgane Frisbeegolfpark<\/h2>\n<p>\t\t\tI \u00e5r feirer vi 25-\u00e5rsjubileum og&#8230;\t\t<\/p>\n<h2><b>Vi inviterer til storfest 9. oktober!<\/b><\/h2>\n<p>\t\t\t<a href=\"https:\/\/kfgk.no\/25-ars-jubiluem\/\" role=\"button\"><br \/>\n\t\t\t\t\t\tKlikk her for p\u00e5melding og informasjon<br \/>\n\t\t\t\t\t<\/a><\/p>\n<style>\/*! elementor - v3.7.6 - 15-09-2022 *\/\n.elementor-widget-image{text-align:center}.elementor-widget-image a{display:inline-block}.elementor-widget-image a img[src$=\".svg\"]{width:48px}.elementor-widget-image img{vertical-align:middle;display:inline-block}<\/style>\n<p>\t\t\t\t\t\t\t\t\t\t\t\t<img data-recalc-dims=\"1\" decoding=\"async\" src=\"https:\/\/i0.wp.com\/kfgk.no\/wp-content\/uploads\/2022\/02\/line-yellow.png?ssl=1\" title=\"\" alt=\"\" \/>\t\t\t\t\t\t\t\t\t\t\t\t\t\t\t<\/p>\n<h2>I KFGK tilbyr vi <br \/><\/h2>\n<p>\t\t\t<a href=\"https:\/\/kfgk.no\/ukesgolf\/\" role=\"button\"><br \/>\n\t\t\t\t\t\tUkesgolf<br \/>\n\t\t\t\t\t<\/a><br \/>\n\t\t\t<a href=\"https:\/\/kfgk.no\/teambuilding\/\" role=\"button\"><br \/>\n\t\t\t\t\t\tTeambuilding<br \/>\n\t\t\t\t\t<\/a><br \/>\n\t\t\t<a href=\"#\" role=\"button\"><br \/>\n\t\t\t\t\t\tTurneringer<br \/>\n\t\t\t\t\t<\/a><br \/>\n\t\t\t<a href=\"#\" role=\"button\"><br \/>\n\t\t\t\t\t\tDiscer og utstyr<br \/>\n\t\t\t\t\t<\/a><\/p>\n","protected":false},"excerpt":{"rendered":"<p>Kristiansand Frisbee Golf Klubb &#8211; En klubb for alle \ud83d\udccdB\u00f8lgane Frisbeegolfpark I \u00e5r feirer vi 25-\u00e5rsjubileum og&#8230; Vi inviterer til storfest 9. oktober! Klikk her for p\u00e5melding og informasjon I KFGK tilbyr vi Ukesgolf Teambuilding Turneringer Discer og utstyr<\/p>\n","protected":false},"author":9,"featured_media":0,"parent":0,"menu_order":0,"comment_status":"closed","ping_status":"closed","template":"","meta":{"footnotes":""},"class_list":["post-72","page","type-page","status-publish","hentry"],"jetpack_shortlink":"https:\/\/wp.me\/P7bZHC-1a","jetpack_sharing_enabled":true,"_links":{"self":[{"href":"https:\/\/kfgk.no\/index.php?rest_route=\/wp\/v2\/pages\/72","targetHints":{"allow":["GET"]}}],"collection":[{"href":"https:\/\/kfgk.no\/index.php?rest_route=\/wp\/v2\/pages"}],"about":[{"href":"https:\/\/kfgk.no\/index.php?rest_route=\/wp\/v2\/types\/page"}],"author":[{"embeddable":true,"href":"https:\/\/kfgk.no\/index.php?rest_route=\/wp\/v2\/users\/9"}],"replies":[{"embeddable":true,"href":"https:\/\/kfgk.no\/index.php?rest_route=%2Fwp%2Fv2%2Fcomments&post=72"}],"version-history":[{"count":40,"href":"https:\/\/kfgk.no\/index.php?rest_route=\/wp\/v2\/pages\/72\/revisions"}],"predecessor-version":[{"id":2715,"href":"https:\/\/kfgk.no\/index.php?rest_route=\/wp\/v2\/pages\/72\/revisions\/2715"}],"wp:attachment":[{"href":"https:\/\/kfgk.no\/index.php?rest_route=%2Fwp%2Fv2%2Fmedia&parent=72"}],"curies":[{"name":"wp","href":"https:\/\/api.w.org\/{rel}","templated":true}]}}