{"id":43,"date":"2012-01-28T18:14:00","date_gmt":"2012-01-28T17:14:00","guid":{"rendered":"http:\/\/kfgk.org\/wordpress\/?page_id=43"},"modified":"2023-05-02T21:43:36","modified_gmt":"2023-05-02T19:43:36","slug":"bli-medlem","status":"publish","type":"page","link":"https:\/\/kfgk.no\/?page_id=43","title":{"rendered":"Bli Medlem"},"content":{"rendered":"\n<p><strong>Bli medlem!<\/strong><\/p>\n\n\n\n<p>Kristiansand Frisbeegolfklubb er en dugnadsbasert klubb og vi er avhengig av v\u00e5re medlemsmasse for \u00e5 holde banen v\u00e5r i s\u00e5 god stand som mulig!<\/p>\n\n\n\n<p>Som medlem f\u00e5r du ogs\u00e5 noen goder i form av;<br>&#8211; Klubbshop med gode priser p\u00e5 klubbdisker, kl\u00e6r og utstyr.<br>&#8211; Klubbturer og andre arrangement&nbsp;<br>&#8211; Klubbturneringer<\/p>\n\n\n\n<p>Satsen for medlemskap for sesongen 2023 er satt til 200 Kroner.<\/p>\n\n\n\n<p><strong>Lisenser (Frivillig)<\/strong><br>I tillegg til medlemskap i klubben tilbyr forbundet frivillige lisenser.<br><a href=\"https:\/\/amerikanskeidretter.no\/forbund\/klubbdrift\/lisens-og-forsikring\/#priser-og-perioder\">Les mer her<\/a><\/p>\n\n\n\n<p><strong>Breddelisens &#8211; 50 Kroner per \u00e5r<\/strong><br>En nyhet for 2023. Her f\u00e5r du en sv\u00e6rt rimelig forsikring som gjelder n\u00e5r du trenger og konkurrerer.<br>Breddelisensen kan oppgraderes til konkurranselisens i ettertid.&nbsp;<\/p>\n\n\n\n<p><strong>Konkurranselisens &#8211; 250 Kroner (125 kroner for junior) per \u00e5r<br><\/strong>P\u00e5krevd lisens for \u00e5 spille i NM, Norgescup og diverse andre forbund organisert turneringer<\/p>\n\n\n\n<p><strong>Utvidet forsikring &#8211; 340 Kroner per \u00e5r<br><\/strong><br>For \u00e5 melde deg inn i klubben, trykk p\u00e5 knappen under for \u00e5 bli videresendt til Norges idrettsforbund for innmelding og betaling <\/p>\n\n\n\n<div class=\"wp-block-buttons is-layout-flex wp-block-buttons-is-layout-flex\">\n<div class=\"wp-block-button\"><a class=\"wp-block-button__link has-text-align-center wp-element-button\" href=\"https:\/\/medlemskap.nif.no\/Start\/Index\/136428?fbclid=IwAR3ggZGG2fAkIz8H2HvjDfy9V-XCNANQyhQs2_TzYWV7-1aQTHL_MZNV0BU\" target=\"_blank\" rel=\"noreferrer noopener\">Bli medlem<\/a><\/div>\n<\/div>\n\n\n\n<p>Har du noen sp\u00f8rsm\u00e5l rundt medlemskap? Ta gjerne kontakt med oss p\u00e5 Facebook chat eller p\u00e5 mail!<\/p>\n\n\n\n<hr class=\"wp-block-separator has-alpha-channel-opacity\"\/>\n\n\n\n<p><\/p>\n","protected":false},"excerpt":{"rendered":"<p>Bli medlem! Kristiansand Frisbeegolfklubb er en dugnadsbasert klubb og vi er avhengig av v\u00e5re medlemsmasse for \u00e5 holde banen v\u00e5r i s\u00e5 god stand som mulig! Som medlem f\u00e5r du ogs\u00e5 noen goder i form av;&#8211; Klubbshop med gode priser p\u00e5 klubbdisker, kl\u00e6r og utstyr.&#8211; Klubbturer og andre arrangement&nbsp;&#8211; Klubbturneringer Satsen for medlemskap for sesongen [&hellip;]<\/p>\n","protected":false},"author":9,"featured_media":1382,"parent":643,"menu_order":41,"comment_status":"closed","ping_status":"closed","template":"","meta":{"footnotes":""},"class_list":["post-43","page","type-page","status-publish","has-post-thumbnail","hentry"],"jetpack_shortlink":"https:\/\/wp.me\/P7bZHC-H","jetpack_sharing_enabled":true,"_links":{"self":[{"href":"https:\/\/kfgk.no\/index.php?rest_route=\/wp\/v2\/pages\/43","targetHints":{"allow":["GET"]}}],"collection":[{"href":"https:\/\/kfgk.no\/index.php?rest_route=\/wp\/v2\/pages"}],"about":[{"href":"https:\/\/kfgk.no\/index.php?rest_route=\/wp\/v2\/types\/page"}],"author":[{"embeddable":true,"href":"https:\/\/kfgk.no\/index.php?rest_route=\/wp\/v2\/users\/9"}],"replies":[{"embeddable":true,"href":"https:\/\/kfgk.no\/index.php?rest_route=%2Fwp%2Fv2%2Fcomments&post=43"}],"version-history":[{"count":28,"href":"https:\/\/kfgk.no\/index.php?rest_route=\/wp\/v2\/pages\/43\/revisions"}],"predecessor-version":[{"id":3076,"href":"https:\/\/kfgk.no\/index.php?rest_route=\/wp\/v2\/pages\/43\/revisions\/3076"}],"up":[{"embeddable":true,"href":"https:\/\/kfgk.no\/index.php?rest_route=\/wp\/v2\/pages\/643"}],"wp:featuredmedia":[{"embeddable":true,"href":"https:\/\/kfgk.no\/index.php?rest_route=\/wp\/v2\/media\/1382"}],"wp:attachment":[{"href":"https:\/\/kfgk.no\/index.php?rest_route=%2Fwp%2Fv2%2Fmedia&parent=43"}],"curies":[{"name":"wp","href":"https:\/\/api.w.org\/{rel}","templated":true}]}}