{"id":40,"date":"2011-11-29T21:27:02","date_gmt":"2011-11-29T20:27:02","guid":{"rendered":"http:\/\/kfgk.org\/wordpress\/?page_id=40"},"modified":"2023-05-03T21:17:33","modified_gmt":"2023-05-03T19:17:33","slug":"bane","status":"publish","type":"page","link":"https:\/\/kfgk.no\/?page_id=40","title":{"rendered":"Bane"},"content":{"rendered":"<div dir=\"ltr\">\n<p>Velkommen til B\u00f8lgane Frisbeegolfbane p\u00e5 Egsjordene i Kristiansand!<\/p>\n<p>B\u00f8lgane Frisbeegolfbane ble etablert i 2010.<br \/>\nBanen er en fullverdig 18 hulls bane med god variasjon mellom \u00e5pne hull og skogshull.<br \/>\nDe siste \u00e5rene har det v\u00e6rt en del endringer p\u00e5 banen grunnet utbygging av S\u00f8rlandet sykehus Kristiansand. Dette har gjort at deler av banen har v\u00e6rt under stadig utvikling. Dette har gitt oss muligheten til \u00e5 designe mange nye, morsomme og utfordrende hull.<\/p>\n<p>Vi gj\u00f8r oppmerksom p\u00e5 at om sommeren s\u00e5 vil det i perioder v\u00e6re h\u00f8yt gress p\u00e5 jordene.<br \/>\nDette er fordi disse driftes som matjord og gresset brukes til dyrefor. I disse periodene anbefaler vi bruk av spotter, samt kasting av disker med farger som er lettere \u00e5 se i h\u00f8yt gress!<\/p>\n<p>Hvordan komme seg til Eg?<\/p>\n<ul>\n<li>Bil: N\u00e5r du kommer til\u00a0Kristiansand f\u00f8lg skilting til S\u00f8rlandet sykehus Kristiansand. Like f\u00f8r ankomst til sykehuset vil du se masse folk som i godt hum\u00f8r og se noen av kurvene v\u00e5re. Da er du kommet frem! Parkering er ved direkt\u00f8rens hage like f\u00f8r sykehuset. Husk at det m\u00e5 betales parkering i ukedager!<\/li>\n<li>Buss: nr 10-11-12 til Eg fra Kristiansand Sentrum.<\/li>\n<\/ul>\n<\/div>\n<div><\/div>\n","protected":false},"excerpt":{"rendered":"<p>Velkommen til B\u00f8lgane Frisbeegolfbane p\u00e5 Egsjordene i Kristiansand! B\u00f8lgane Frisbeegolfbane ble etablert i 2010. Banen er en fullverdig 18 hulls bane med god variasjon mellom \u00e5pne hull og skogshull. De siste \u00e5rene har det v\u00e6rt en del endringer p\u00e5 banen grunnet utbygging av S\u00f8rlandet sykehus Kristiansand. Dette har gjort at deler av banen har v\u00e6rt [&hellip;]<\/p>\n","protected":false},"author":9,"featured_media":0,"parent":0,"menu_order":38,"comment_status":"closed","ping_status":"closed","template":"","meta":{"footnotes":""},"class_list":["post-40","page","type-page","status-publish","hentry"],"jetpack_shortlink":"https:\/\/wp.me\/P7bZHC-E","jetpack_sharing_enabled":true,"_links":{"self":[{"href":"https:\/\/kfgk.no\/index.php?rest_route=\/wp\/v2\/pages\/40","targetHints":{"allow":["GET"]}}],"collection":[{"href":"https:\/\/kfgk.no\/index.php?rest_route=\/wp\/v2\/pages"}],"about":[{"href":"https:\/\/kfgk.no\/index.php?rest_route=\/wp\/v2\/types\/page"}],"author":[{"embeddable":true,"href":"https:\/\/kfgk.no\/index.php?rest_route=\/wp\/v2\/users\/9"}],"replies":[{"embeddable":true,"href":"https:\/\/kfgk.no\/index.php?rest_route=%2Fwp%2Fv2%2Fcomments&post=40"}],"version-history":[{"count":13,"href":"https:\/\/kfgk.no\/index.php?rest_route=\/wp\/v2\/pages\/40\/revisions"}],"predecessor-version":[{"id":3085,"href":"https:\/\/kfgk.no\/index.php?rest_route=\/wp\/v2\/pages\/40\/revisions\/3085"}],"wp:attachment":[{"href":"https:\/\/kfgk.no\/index.php?rest_route=%2Fwp%2Fv2%2Fmedia&parent=40"}],"curies":[{"name":"wp","href":"https:\/\/api.w.org\/{rel}","templated":true}]}}