{"id":2253,"date":"2022-02-04T06:06:51","date_gmt":"2022-02-04T05:06:51","guid":{"rendered":"https:\/\/grandconference.themegoods.com\/v5\/design\/?page_id=2253"},"modified":"2023-02-22T23:26:55","modified_gmt":"2023-02-22T22:26:55","slug":"om-oss","status":"publish","type":"page","link":"https:\/\/kfgk.no\/?page_id=2253","title":{"rendered":"Om oss"},"content":{"rendered":"<h1>Kristiansand Frisbeegolfklubb<\/h1>\n<h2>En klubb for alle!<\/h2>\n<h2><\/h2>\n<p>Kristiansand Frisbeegolfklubb ble etablert i 1997 og er Kristiansands eldste frisbeeklubb.<br \/>\nDet var som m\u00e5l og f\u00e5 opp en bane allerede ved etablering, men det var f\u00f8rst i 2009 at man fikk tillatelse til \u00e5 bruke omr\u00e5de p\u00e5 Egsjordene.<br \/>\nI 2010 sto B\u00f8lgane Frisbeegolfpark med 18 hull ferdig.<\/p>\n<p>Kristiansand Frisbeegolfklubb har som en av sine m\u00e5lsettinger \u00e5 fremme frisbeegolf for \u00e5 \u00f8ke forst\u00e5elsen og interessen for denne fantastiske sporten.<br \/>\nKristiansand Frisbeegolfklubb &#8211; En klubb for alle!<\/p>\n<h2><\/h2>\n<p><img data-recalc-dims=\"1\" loading=\"lazy\" decoding=\"async\" class=\"alignnone size-full wp-image-1577\" src=\"https:\/\/i0.wp.com\/kfgk.no\/wp-content\/uploads\/20160511_193044-scaled.jpg?resize=1440%2C2560&#038;ssl=1\" alt=\"\" width=\"1440\" height=\"2560\" srcset=\"https:\/\/i0.wp.com\/kfgk.no\/wp-content\/uploads\/20160511_193044-scaled.jpg?w=1440&amp;ssl=1 1440w, https:\/\/i0.wp.com\/kfgk.no\/wp-content\/uploads\/20160511_193044-scaled.jpg?resize=600%2C1067&amp;ssl=1 600w, https:\/\/i0.wp.com\/kfgk.no\/wp-content\/uploads\/20160511_193044-scaled.jpg?resize=169%2C300&amp;ssl=1 169w, https:\/\/i0.wp.com\/kfgk.no\/wp-content\/uploads\/20160511_193044-scaled.jpg?resize=576%2C1024&amp;ssl=1 576w\" sizes=\"auto, (max-width: 1000px) 100vw, 1000px\" \/><\/p>\n","protected":false},"excerpt":{"rendered":"<p>Kristiansand Frisbeegolfklubb En klubb for alle! Kristiansand Frisbeegolfklubb ble etablert i 1997 og er Kristiansands eldste frisbeeklubb. Det var som m\u00e5l og f\u00e5 opp en bane allerede ved etablering, men det var f\u00f8rst i 2009 at man fikk tillatelse til \u00e5 bruke omr\u00e5de p\u00e5 Egsjordene. I 2010 sto B\u00f8lgane Frisbeegolfpark med 18 hull ferdig. Kristiansand [&hellip;]<\/p>\n","protected":false},"author":9,"featured_media":0,"parent":0,"menu_order":0,"comment_status":"closed","ping_status":"closed","template":"","meta":{"footnotes":""},"class_list":["post-2253","page","type-page","status-publish","hentry"],"jetpack_shortlink":"https:\/\/wp.me\/P7bZHC-Al","jetpack_sharing_enabled":true,"_links":{"self":[{"href":"https:\/\/kfgk.no\/index.php?rest_route=\/wp\/v2\/pages\/2253","targetHints":{"allow":["GET"]}}],"collection":[{"href":"https:\/\/kfgk.no\/index.php?rest_route=\/wp\/v2\/pages"}],"about":[{"href":"https:\/\/kfgk.no\/index.php?rest_route=\/wp\/v2\/types\/page"}],"author":[{"embeddable":true,"href":"https:\/\/kfgk.no\/index.php?rest_route=\/wp\/v2\/users\/9"}],"replies":[{"embeddable":true,"href":"https:\/\/kfgk.no\/index.php?rest_route=%2Fwp%2Fv2%2Fcomments&post=2253"}],"version-history":[{"count":3,"href":"https:\/\/kfgk.no\/index.php?rest_route=\/wp\/v2\/pages\/2253\/revisions"}],"predecessor-version":[{"id":3068,"href":"https:\/\/kfgk.no\/index.php?rest_route=\/wp\/v2\/pages\/2253\/revisions\/3068"}],"wp:attachment":[{"href":"https:\/\/kfgk.no\/index.php?rest_route=%2Fwp%2Fv2%2Fmedia&parent=2253"}],"curies":[{"name":"wp","href":"https:\/\/api.w.org\/{rel}","templated":true}]}}