{"id":118,"date":"2016-01-23T02:00:40","date_gmt":"2016-01-23T01:00:40","guid":{"rendered":"http:\/\/kfgk.org\/wordpress\/?page_id=118"},"modified":"2023-01-25T20:12:09","modified_gmt":"2023-01-25T19:12:09","slug":"teambuilding","status":"publish","type":"page","link":"https:\/\/kfgk.no\/?page_id=118","title":{"rendered":"Teambuilding"},"content":{"rendered":"<p>Frisbeegolf er en sport som passer for alle.<br \/>\nSporten bygger individuelle og team egenskaper<br \/>\nDet er ogs\u00e5 en veldig sosial\u00a0aktivitet som bringer frem det beste i folk.<br \/>\nSporten passer for mennesker i alle aldre og fysisk form.<br \/>\ns\u00e5 hvorfor ikke komme ut \u00e5 ha en morsom dag p\u00e5 frisbeegolfbanen?<\/p>\n<p>Kristiansand Frisbeegolfklubb tilbyr bedrifter og private \u00e5 leie instrukt\u00f8rer og alt utstyr n\u00f8dvendig for \u00e5 gjennomf\u00f8re en happening p\u00e5 v\u00e5r bane.<\/p>\n<p>Vi har ferdige pakker som kan velges eller s\u00e5 kan dere velge selv fra listen under s\u00e5 skreddersyr vi et opplegg til dere.<\/p>\n<ul>\n<li>Introduksjon til sporten<\/li>\n<li>Grunnleggende oppl\u00e6ring i kaste og putteteknikker av en av v\u00e5re instrukt\u00f8rer<\/li>\n<li>Utdypende oppl\u00e6ring i kaste og putteteknikker<\/li>\n<li>Spille en mini runde p\u00e5 4-5 hull<\/li>\n<li>Spille hele banen p\u00e5 18hull<\/li>\n<li>Puttekonkurranse<\/li>\n<li>Lengdekonkurranse<\/li>\n<li>CTP (N\u00e6rmest til kurven etter f\u00f8rste kast) konkurranse<\/li>\n<li>Premieutdeling (Klubben stiller med premier i form av disker og utstyr etter avtale)<\/li>\n<\/ul>\n<p><strong>Pakke 1 <em>\u2013 2 til 2.5 time<\/em><\/strong><\/p>\n<ul>\n<li>Introduksjon til sporten<\/li>\n<li>Grunnleggende oppl\u00e6ring i kaste og putteteknikker av en av v\u00e5re instrukt\u00f8rer<\/li>\n<li>Vi deler opp i grupper og g\u00e5r en liten runde p\u00e5 4-5 Hull.<\/li>\n<li>Puttekonkurranse<\/li>\n<li>Gjennomgang av resultater fra runden og puttekonkurransen<\/li>\n<li>Premieutdeling (Klubben stiller med premier i form av disker og utstyr etter avtale)<\/li>\n<\/ul>\n<p><strong>Pakke 2 <em>\u2013 3 til 4 timer<\/em><\/strong><\/p>\n<ul>\n<li><b>Introduksjon til sporten<\/b><\/li>\n<li>Grunnleggende oppl\u00e6ring i kaste og putteteknikker av en av v\u00e5re instrukt\u00f8rer<\/li>\n<li>Konkurranse hvor vi spiller hele banen p\u00e5 18 hull<\/li>\n<li>Gjennomgang av resultater fra runden<\/li>\n<li>Premieutdeling (Klubben stiller med premier i form av disker og utstyr etter avtale)<\/li>\n<\/ul>\n<p>\u00d8nsker dere \u00e5 pr\u00f8ve frisbeegolf en annen plass enn p\u00e5 frisbeegolf banen? No problem! Vi kan stille med portable kurver og disker etter avtale.<\/p>\n<p>Ta kontakt for info og\u00a0priser.<\/p>\n<p>Teambuilding \/ Kursansvarlig<\/p>\n<p>Per Frode Johansen<br \/>\nPerfrode84@hotmail.com<\/p>\n\n<div class=\"wpcf7 no-js\" id=\"wpcf7-f880-o1\" lang=\"nb-NO\" dir=\"ltr\" data-wpcf7-id=\"880\">\n<div class=\"screen-reader-response\"><p role=\"status\" aria-live=\"polite\" aria-atomic=\"true\"><\/p> <ul><\/ul><\/div>\n<form action=\"\/index.php?rest_route=%2Fwp%2Fv2%2Fpages%2F118#wpcf7-f880-o1\" method=\"post\" class=\"wpcf7-form init\" aria-label=\"Kontaktskjema\" novalidate=\"novalidate\" data-status=\"init\">\n<fieldset class=\"hidden-fields-container\"><input type=\"hidden\" name=\"_wpcf7\" value=\"880\" \/><input type=\"hidden\" name=\"_wpcf7_version\" value=\"6.1.5\" \/><input type=\"hidden\" name=\"_wpcf7_locale\" value=\"nb_NO\" \/><input type=\"hidden\" name=\"_wpcf7_unit_tag\" value=\"wpcf7-f880-o1\" \/><input type=\"hidden\" name=\"_wpcf7_container_post\" value=\"0\" \/><input type=\"hidden\" name=\"_wpcf7_posted_data_hash\" value=\"\" \/>\n<\/fieldset>\n<p>Ditt navn (obligatorisk)\n<\/p>\n<p><span class=\"wpcf7-form-control-wrap\" data-name=\"your-name\"><input size=\"40\" maxlength=\"400\" class=\"wpcf7-form-control wpcf7-text wpcf7-validates-as-required\" aria-required=\"true\" aria-invalid=\"false\" value=\"\" type=\"text\" name=\"your-name\" \/><\/span>\n<\/p>\n<p>E-post (obligatorisk)\n<\/p>\n<p><span class=\"wpcf7-form-control-wrap\" data-name=\"your-email\"><input size=\"40\" maxlength=\"400\" class=\"wpcf7-form-control wpcf7-email wpcf7-validates-as-required wpcf7-text wpcf7-validates-as-email\" aria-required=\"true\" aria-invalid=\"false\" value=\"\" type=\"email\" name=\"your-email\" \/><\/span>\n<\/p>\n<p>Emne\n<\/p>\n<p><span class=\"wpcf7-form-control-wrap\" data-name=\"your-subject\"><input size=\"40\" maxlength=\"400\" class=\"wpcf7-form-control wpcf7-text\" aria-invalid=\"false\" value=\"\" type=\"text\" name=\"your-subject\" \/><\/span>\n<\/p>\n<p>Melding\n<\/p>\n<p><span class=\"wpcf7-form-control-wrap\" data-name=\"your-message\"><textarea cols=\"40\" rows=\"10\" maxlength=\"2000\" class=\"wpcf7-form-control wpcf7-textarea\" aria-invalid=\"false\" name=\"your-message\"><\/textarea><\/span>\n<\/p>\n<p><input class=\"wpcf7-form-control wpcf7-submit has-spinner\" type=\"submit\" value=\"Send\" \/>\n<\/p><div class=\"wpcf7-response-output\" aria-hidden=\"true\"><\/div>\n<\/form>\n<\/div>\n\n","protected":false},"excerpt":{"rendered":"<p>Frisbeegolf er en sport som passer for alle. Sporten bygger individuelle og team egenskaper Det er ogs\u00e5 en veldig sosial\u00a0aktivitet som bringer frem det beste i folk. Sporten passer for mennesker i alle aldre og fysisk form. s\u00e5 hvorfor ikke komme ut \u00e5 ha en morsom dag p\u00e5 frisbeegolfbanen? Kristiansand Frisbeegolfklubb tilbyr bedrifter og private [&hellip;]<\/p>\n","protected":false},"author":9,"featured_media":0,"parent":0,"menu_order":37,"comment_status":"closed","ping_status":"closed","template":"","meta":{"footnotes":""},"class_list":["post-118","page","type-page","status-publish","hentry"],"jetpack_shortlink":"https:\/\/wp.me\/P7bZHC-1U","jetpack_sharing_enabled":true,"_links":{"self":[{"href":"https:\/\/kfgk.no\/index.php?rest_route=\/wp\/v2\/pages\/118","targetHints":{"allow":["GET"]}}],"collection":[{"href":"https:\/\/kfgk.no\/index.php?rest_route=\/wp\/v2\/pages"}],"about":[{"href":"https:\/\/kfgk.no\/index.php?rest_route=\/wp\/v2\/types\/page"}],"author":[{"embeddable":true,"href":"https:\/\/kfgk.no\/index.php?rest_route=\/wp\/v2\/users\/9"}],"replies":[{"embeddable":true,"href":"https:\/\/kfgk.no\/index.php?rest_route=%2Fwp%2Fv2%2Fcomments&post=118"}],"version-history":[{"count":12,"href":"https:\/\/kfgk.no\/index.php?rest_route=\/wp\/v2\/pages\/118\/revisions"}],"predecessor-version":[{"id":2944,"href":"https:\/\/kfgk.no\/index.php?rest_route=\/wp\/v2\/pages\/118\/revisions\/2944"}],"wp:attachment":[{"href":"https:\/\/kfgk.no\/index.php?rest_route=%2Fwp%2Fv2%2Fmedia&parent=118"}],"curies":[{"name":"wp","href":"https:\/\/api.w.org\/{rel}","templated":true}]}}